{"id":3895,"date":"2024-12-16T13:22:16","date_gmt":"2024-12-16T13:22:16","guid":{"rendered":"https:\/\/pianodivingclub.com\/product\/padi-scuba-diver\/"},"modified":"2025-10-21T08:55:45","modified_gmt":"2025-10-21T08:55:45","slug":"padi-scuba-diver","status":"publish","type":"product","link":"https:\/\/pianodivingclub.com\/de\/product\/padi-scuba-diver\/","title":{"rendered":"PADI Scuba Diver"},"content":{"rendered":"<p>Wenn du mit dem Tauchen anfangen m\u00f6chtest, aber nur begrenzt Zeit hast, ist der PADI Scuba Diver Kurs in Hurghada die ideale Wahl f\u00fcr dich. Der Kurs ist Teil der kompletten PADI Open Water Diver Zertifizierung und bietet eine schnellere M\u00f6glichkeit, zertifizierter Taucher zu werden. Er eignet sich besonders f\u00fcr alle, die vorhaben, haupts\u00e4chlich unter Anleitung eines professionellen Tauchguides zu tauchen.<\/p>\n<p>Der Kurs verleiht dir eine international anerkannte Qualifikation, die es dir erlaubt, bis zu 12 Meter tief zu tauchen, solange du von einem zertifizierten Tauchguide oder Instructor begleitet wirst. Da er etwa 50 % des Open Water Diver Kurses abdeckt, bist du gut aufgestellt, die vollst\u00e4ndige Zertifizierung sp\u00e4ter abzuschlie\u00dfen.<\/p>\n<p>Er ist auch perfekt f\u00fcr alle, die Freizeittaucher werden m\u00f6chten, aber zun\u00e4chst Vertrauen und Erfahrung beim Tauchen unter Anleitung eines Profis sammeln wollen. Dieser Kurs bereitet dich auf sichere und spa\u00dfige Tauchg\u00e4nge mit erfahrenem Guide oder Instructor vor.<\/p>\n<hr \/>\n<h3>Details PADI Scuba Diver Kurs<\/h3>\n<table>\n<thead>\n<tr>\n<th>Preis pro Person<\/th>\n<th>Standardpreis<\/th>\n<th>Onlinepreis<\/th>\n<\/tr>\n<\/thead>\n<tbody>\n<tr>\n<td><\/td>\n<td>\u20ac175<\/td>\n<td>\u20ac148,75<\/td>\n<\/tr>\n<\/tbody>\n<\/table>\n<ul>\n<li><strong>Dauer:<\/strong> 2 Tage<\/li>\n<li><strong>Zus\u00e4tzliche Geb\u00fchren:<\/strong> \u20ac100 f\u00fcr Material und Zertifikat<\/li>\n<\/ul>\n<hr \/>\n<h3>Inklusive Leistungen:<\/h3>\n<ul>\n<li>Tauchlehrer<\/li>\n<li>Tauchausr\u00fcstung<\/li>\n<\/ul>\n<hr \/>\n<h3>Nicht enthalten:<\/h3>\n<ul>\n<li>Fotografie<\/li>\n<li>Transfer<\/li>\n<\/ul>\n<hr \/>\n<h3>Voraussetzungen f\u00fcr den PADI Scuba Diver Kurs<\/h3>\n<ul>\n<li>Mindestalter: 10 Jahre<\/li>\n<li>Schwimmf\u00e4higkeiten: Ausreichende Schwimmkenntnisse<\/li>\n<li>Vorerfahrung: Keine vorherige Taucherfahrung notwendig<\/li>\n<li>Gesundheit: Teilnehmer m\u00fcssen frei von chronischen Krankheiten sein<\/li>\n<\/ul>\n<hr \/>\n<h3>Highlights PADI Scuba Diver Kurs<\/h3>\n<p>Nach Abschluss des Kurses:<\/p>\n<ul>\n<li>Erh\u00e4ltst du die Zertifizierung zum Tauchen bis 12 Meter Tiefe unter direkter Aufsicht eines PADI Instructors oder Divemasters<\/li>\n<li>Kannst du Luftflaschen auff\u00fcllen lassen, Tauchausr\u00fcstung mieten oder kaufen und an \u00fcberwachten Tauchaktivit\u00e4ten teilnehmen<\/li>\n<li>Hast du die M\u00f6glichkeit, deine Taucherf\u00e4higkeiten durch Spezialkurse zu erweitern und die komplette PADI Open Water Diver Zertifizierung abzuschlie\u00dfen<\/li>\n<\/ul>\n<hr \/>\n<h3>Hauptphasen des Kurses<\/h3>\n<ol>\n<li><strong>Theoretische Ausbildung:<\/strong> Grundlegende Tauchprinzipien lernen via eLearning, Selbststudium oder Unterricht. Umfasst die ersten drei von f\u00fcnf Kapiteln des Open Water Diver Kurses.<\/li>\n<li><strong>Training im begrenzten Wasser:<\/strong> \u00dcben der wichtigen Tauchtechniken in einem kontrollierten Umfeld, erste drei von f\u00fcnf \u00dcbungen des Open Water Kurses.<\/li>\n<li><strong>Freiwassertauchg\u00e4nge:<\/strong> Anwendung des Gelernten bei zwei von vier Freiwassertauchg\u00e4ngen des Open Water Kurses unter professioneller Anleitung.<\/li>\n<\/ol>\n<hr \/>\n<h3>Werde Taucher mit Piano Diving Club<\/h3>\n<p>Erlebe das Tauchen mit dem PADI Scuba Diver Kurs in Hurghada exklusiv bei Piano Diving Club. Unsere zertifizierten Tauchlehrer, freundliche Atmosph\u00e4re und hoher Sicherheitsstandard machen uns zum perfekten Ort f\u00fcr deinen Start in die Unterwasserwelt. Entdecke das Rote Meer, lerne wichtige F\u00e4higkeiten und mache die ersten Schritte, um ein selbstbewusster, zertifizierter Taucher zu werden.<\/p>\n<p>Schlie\u00dfe dich Hunderten gl\u00fccklicher Taucher an und buche deinen Open Water Kurs noch heute!<\/p>\n<hr \/>\n<h3>Verwandte PADI-Anf\u00e4ngerkurse<\/h3>\n<ul>\n<li><strong><a href=\"https:\/\/pianodivingclub.com\/de\/product\/open-water-dive-course-3\/\">PADI Open Water Dive Kurs in Hurghada<\/a><\/strong><\/li>\n<li><strong><a href=\"https:\/\/pianodivingclub.com\/de\/product\/discover-scuba-diving\/\">PADI Discover Scuba Diving in Hurghada<\/a><\/strong><\/li>\n<li><strong><a href=\"https:\/\/pianodivingclub.com\/de\/product\/padi-bubble-maker-2\/\">PADI Bubble Maker in Hurghada<\/a><\/strong><\/li>\n<li><strong><a href=\"https:\/\/pianodivingclub.com\/de\/product\/padi-seal-team\/\">PADI Seal Team Kurs in Hurghada<\/a><\/strong><\/li>\n<\/ul>\n","protected":false},"excerpt":{"rendered":"<p>Wenn du mit dem Tauchen anfangen m\u00f6chtest, aber nur begrenzt Zeit hast, ist der PADI Scuba Diver Kurs in Hurghada die ideale Wahl f\u00fcr dich. Der Kurs ist Teil der kompletten PADI Open Water Diver Zertifizierung und bietet eine schnellere M\u00f6glichkeit, zertifizierter Taucher zu werden. Er eignet sich besonders f\u00fcr alle, die vorhaben, haupts\u00e4chlich unter [&hellip;]<\/p>\n","protected":false},"featured_media":0,"comment_status":"open","ping_status":"closed","template":"","meta":{"_acf_changed":false},"product_brand":[],"product_cat":[91,94],"product_tag":[],"class_list":{"0":"post-3895","1":"product","2":"type-product","3":"status-publish","5":"product_cat-courses-de","6":"product_cat-padi-beginner-de","8":"first","9":"instock","10":"sale","11":"shipping-taxable","12":"purchasable","13":"product-type-simple"},"acf":[],"yoast_head":"<!-- This site is optimized with the Yoast SEO plugin v27.4 - https:\/\/yoast.com\/product\/yoast-seo-wordpress\/ -->\n<title>PADI Scuba Diver in Hurghada f\u00fcr \u20ac148.75 | Piano Diving Club<\/title>\n<meta name=\"description\" content=\"Lassen Sie sich mit dem PADI Scuba Diver Course in Hurghada zertifizieren! Sparen Sie Zeit! Tauchen Sie unter professioneller Aufsicht!\" \/>\n<meta name=\"robots\" content=\"index, follow, max-snippet:-1, max-image-preview:large, max-video-preview:-1\" \/>\n<link rel=\"canonical\" href=\"https:\/\/pianodivingclub.com\/de\/product\/padi-scuba-diver\/\" \/>\n<meta property=\"og:locale\" content=\"de_DE\" \/>\n<meta property=\"og:type\" content=\"article\" \/>\n<meta property=\"og:title\" content=\"PADI Scuba Diver in Hurghada f\u00fcr \u20ac148.75 | Piano Diving Club\" \/>\n<meta property=\"og:description\" content=\"Lassen Sie sich mit dem PADI Scuba Diver Course in Hurghada zertifizieren! Sparen Sie Zeit! Tauchen Sie unter professioneller Aufsicht!\" \/>\n<meta property=\"og:url\" content=\"https:\/\/pianodivingclub.com\/de\/product\/padi-scuba-diver\/\" \/>\n<meta property=\"og:site_name\" content=\"Piano\" \/>\n<meta property=\"article:modified_time\" content=\"2025-10-21T08:55:45+00:00\" \/>\n<meta name=\"twitter:card\" content=\"summary_large_image\" \/>\n<meta name=\"twitter:label1\" content=\"Gesch\u00e4tzte Lesezeit\" \/>\n\t<meta name=\"twitter:data1\" content=\"2\u00a0Minuten\" \/>\n<script type=\"application\/ld+json\" class=\"yoast-schema-graph\">{\"@context\":\"https:\\\/\\\/schema.org\",\"@graph\":[{\"@type\":\"WebPage\",\"@id\":\"https:\\\/\\\/pianodivingclub.com\\\/de\\\/product\\\/padi-scuba-diver\\\/\",\"url\":\"https:\\\/\\\/pianodivingclub.com\\\/de\\\/product\\\/padi-scuba-diver\\\/\",\"name\":\"PADI Scuba Diver in Hurghada f\u00fcr \u20ac148.75 | Piano Diving Club\",\"isPartOf\":{\"@id\":\"https:\\\/\\\/pianodivingclub.com\\\/#website\"},\"datePublished\":\"2024-12-16T13:22:16+00:00\",\"dateModified\":\"2025-10-21T08:55:45+00:00\",\"description\":\"Lassen Sie sich mit dem PADI Scuba Diver Course in Hurghada zertifizieren! Sparen Sie Zeit! Tauchen Sie unter professioneller Aufsicht!\",\"breadcrumb\":{\"@id\":\"https:\\\/\\\/pianodivingclub.com\\\/de\\\/product\\\/padi-scuba-diver\\\/#breadcrumb\"},\"inLanguage\":\"de\",\"potentialAction\":[{\"@type\":\"ReadAction\",\"target\":[\"https:\\\/\\\/pianodivingclub.com\\\/de\\\/product\\\/padi-scuba-diver\\\/\"]}]},{\"@type\":\"BreadcrumbList\",\"@id\":\"https:\\\/\\\/pianodivingclub.com\\\/de\\\/product\\\/padi-scuba-diver\\\/#breadcrumb\",\"itemListElement\":[{\"@type\":\"ListItem\",\"position\":1,\"name\":\"Home\",\"item\":\"https:\\\/\\\/pianodivingclub.com\\\/de\\\/\"},{\"@type\":\"ListItem\",\"position\":2,\"name\":\"Shop\",\"item\":\"https:\\\/\\\/pianodivingclub.com\\\/?page_id=252\"},{\"@type\":\"ListItem\",\"position\":3,\"name\":\"PADI Scuba Diver\"}]},{\"@type\":\"WebSite\",\"@id\":\"https:\\\/\\\/pianodivingclub.com\\\/#website\",\"url\":\"https:\\\/\\\/pianodivingclub.com\\\/\",\"name\":\"Piano\",\"description\":\"\",\"potentialAction\":[{\"@type\":\"SearchAction\",\"target\":{\"@type\":\"EntryPoint\",\"urlTemplate\":\"https:\\\/\\\/pianodivingclub.com\\\/?s={search_term_string}\"},\"query-input\":{\"@type\":\"PropertyValueSpecification\",\"valueRequired\":true,\"valueName\":\"search_term_string\"}}],\"inLanguage\":\"de\"}]}<\/script>\n<!-- \/ Yoast SEO plugin. -->","yoast_head_json":{"title":"PADI Scuba Diver in Hurghada f\u00fcr \u20ac148.75 | Piano Diving Club","description":"Lassen Sie sich mit dem PADI Scuba Diver Course in Hurghada zertifizieren! Sparen Sie Zeit! Tauchen Sie unter professioneller Aufsicht!","robots":{"index":"index","follow":"follow","max-snippet":"max-snippet:-1","max-image-preview":"max-image-preview:large","max-video-preview":"max-video-preview:-1"},"canonical":"https:\/\/pianodivingclub.com\/de\/product\/padi-scuba-diver\/","og_locale":"de_DE","og_type":"article","og_title":"PADI Scuba Diver in Hurghada f\u00fcr \u20ac148.75 | Piano Diving Club","og_description":"Lassen Sie sich mit dem PADI Scuba Diver Course in Hurghada zertifizieren! Sparen Sie Zeit! Tauchen Sie unter professioneller Aufsicht!","og_url":"https:\/\/pianodivingclub.com\/de\/product\/padi-scuba-diver\/","og_site_name":"Piano","article_modified_time":"2025-10-21T08:55:45+00:00","twitter_card":"summary_large_image","twitter_misc":{"Gesch\u00e4tzte Lesezeit":"2\u00a0Minuten"},"schema":{"@context":"https:\/\/schema.org","@graph":[{"@type":"WebPage","@id":"https:\/\/pianodivingclub.com\/de\/product\/padi-scuba-diver\/","url":"https:\/\/pianodivingclub.com\/de\/product\/padi-scuba-diver\/","name":"PADI Scuba Diver in Hurghada f\u00fcr \u20ac148.75 | Piano Diving Club","isPartOf":{"@id":"https:\/\/pianodivingclub.com\/#website"},"datePublished":"2024-12-16T13:22:16+00:00","dateModified":"2025-10-21T08:55:45+00:00","description":"Lassen Sie sich mit dem PADI Scuba Diver Course in Hurghada zertifizieren! Sparen Sie Zeit! Tauchen Sie unter professioneller Aufsicht!","breadcrumb":{"@id":"https:\/\/pianodivingclub.com\/de\/product\/padi-scuba-diver\/#breadcrumb"},"inLanguage":"de","potentialAction":[{"@type":"ReadAction","target":["https:\/\/pianodivingclub.com\/de\/product\/padi-scuba-diver\/"]}]},{"@type":"BreadcrumbList","@id":"https:\/\/pianodivingclub.com\/de\/product\/padi-scuba-diver\/#breadcrumb","itemListElement":[{"@type":"ListItem","position":1,"name":"Home","item":"https:\/\/pianodivingclub.com\/de\/"},{"@type":"ListItem","position":2,"name":"Shop","item":"https:\/\/pianodivingclub.com\/?page_id=252"},{"@type":"ListItem","position":3,"name":"PADI Scuba Diver"}]},{"@type":"WebSite","@id":"https:\/\/pianodivingclub.com\/#website","url":"https:\/\/pianodivingclub.com\/","name":"Piano","description":"","potentialAction":[{"@type":"SearchAction","target":{"@type":"EntryPoint","urlTemplate":"https:\/\/pianodivingclub.com\/?s={search_term_string}"},"query-input":{"@type":"PropertyValueSpecification","valueRequired":true,"valueName":"search_term_string"}}],"inLanguage":"de"}]}},"_links":{"self":[{"href":"https:\/\/pianodivingclub.com\/de\/wp-json\/wp\/v2\/product\/3895","targetHints":{"allow":["GET"]}}],"collection":[{"href":"https:\/\/pianodivingclub.com\/de\/wp-json\/wp\/v2\/product"}],"about":[{"href":"https:\/\/pianodivingclub.com\/de\/wp-json\/wp\/v2\/types\/product"}],"replies":[{"embeddable":true,"href":"https:\/\/pianodivingclub.com\/de\/wp-json\/wp\/v2\/comments?post=3895"}],"wp:attachment":[{"href":"https:\/\/pianodivingclub.com\/de\/wp-json\/wp\/v2\/media?parent=3895"}],"wp:term":[{"taxonomy":"product_brand","embeddable":true,"href":"https:\/\/pianodivingclub.com\/de\/wp-json\/wp\/v2\/product_brand?post=3895"},{"taxonomy":"product_cat","embeddable":true,"href":"https:\/\/pianodivingclub.com\/de\/wp-json\/wp\/v2\/product_cat?post=3895"},{"taxonomy":"product_tag","embeddable":true,"href":"https:\/\/pianodivingclub.com\/de\/wp-json\/wp\/v2\/product_tag?post=3895"}],"curies":[{"name":"wp","href":"https:\/\/api.w.org\/{rel}","templated":true}]}}