{"id":4093,"date":"2024-11-25T12:11:53","date_gmt":"2024-11-25T12:11:53","guid":{"rendered":"https:\/\/pianodivingclub.com\/product\/15l-tank\/"},"modified":"2025-10-25T20:33:38","modified_gmt":"2025-10-25T20:33:38","slug":"15l-tank","status":"publish","type":"product","link":"https:\/\/pianodivingclub.com\/de\/product\/15l-tank\/","title":{"rendered":"15-Liter-Flasche"},"content":{"rendered":"<p>Eine <strong>15-Liter-Flasche<\/strong> ist ein Tauchzylinder mit einem Fassungsverm\u00f6gen von 15 Litern, der zum Speichern von Druckluft f\u00fcr das Tauchen verwendet wird. Sie erm\u00f6glicht l\u00e4ngere Tauchzeiten und ist ideal f\u00fcr tiefe oder l\u00e4ngere Tauchg\u00e4nge. Robust und zuverl\u00e4ssig, ist sie die bevorzugte Wahl erfahrener Taucher und all jener, die mehr Luftversorgung ben\u00f6tigen.<\/p>\n","protected":false},"excerpt":{"rendered":"<p>Eine 15-Liter-Flasche ist ein Tauchzylinder mit einem Fassungsverm\u00f6gen von 15 Litern, der zum Speichern von Druckluft f\u00fcr das Tauchen verwendet wird. Sie erm\u00f6glicht l\u00e4ngere Tauchzeiten und ist ideal f\u00fcr tiefe oder l\u00e4ngere Tauchg\u00e4nge. Robust und zuverl\u00e4ssig, ist sie die bevorzugte Wahl erfahrener Taucher und all jener, die mehr Luftversorgung ben\u00f6tigen.<\/p>\n","protected":false},"featured_media":4094,"comment_status":"open","ping_status":"closed","template":"","meta":{"_acf_changed":false},"product_brand":[],"product_cat":[100],"product_tag":[],"class_list":{"0":"post-4093","1":"product","2":"type-product","3":"status-publish","4":"has-post-thumbnail","6":"product_cat-equipments-de","8":"first","9":"instock","10":"shipping-taxable","11":"purchasable","12":"product-type-simple"},"acf":[],"yoast_head":"<!-- This site is optimized with the Yoast SEO plugin v27.4 - https:\/\/yoast.com\/product\/yoast-seo-wordpress\/ -->\n<title>Mieten Sie 15-Liter-Flasche nur 5\u20ac | Piano Diving Club<\/title>\n<meta name=\"description\" content=\"Mieten Sie in Hurghada ein 15-Liter-Tauchbecken, ideal f\u00fcr Tieftauchg\u00e4nge. Holen Sie sich Funktionen wie mehr Luftversorgung und mehr mit Piano Diving Club!\" \/>\n<meta name=\"robots\" content=\"index, follow, max-snippet:-1, max-image-preview:large, max-video-preview:-1\" \/>\n<link rel=\"canonical\" href=\"https:\/\/pianodivingclub.com\/de\/product\/15l-tank\/\" \/>\n<meta property=\"og:locale\" content=\"de_DE\" \/>\n<meta property=\"og:type\" content=\"article\" \/>\n<meta property=\"og:title\" content=\"Mieten Sie 15-Liter-Flasche nur 5\u20ac | Piano Diving Club\" \/>\n<meta property=\"og:description\" content=\"Mieten Sie in Hurghada ein 15-Liter-Tauchbecken, ideal f\u00fcr Tieftauchg\u00e4nge. Holen Sie sich Funktionen wie mehr Luftversorgung und mehr mit Piano Diving Club!\" \/>\n<meta property=\"og:url\" content=\"https:\/\/pianodivingclub.com\/de\/product\/15l-tank\/\" \/>\n<meta property=\"og:site_name\" content=\"Piano\" \/>\n<meta property=\"article:modified_time\" content=\"2025-10-25T20:33:38+00:00\" \/>\n<meta property=\"og:image\" content=\"https:\/\/pianodivingclub.com\/wp-content\/uploads\/2024\/11\/65b277ceb83e1bbed468601c01eb65bc1632afc8-1.jpg\" \/>\n\t<meta property=\"og:image:width\" content=\"1500\" \/>\n\t<meta property=\"og:image:height\" content=\"1004\" \/>\n\t<meta property=\"og:image:type\" content=\"image\/jpeg\" \/>\n<meta name=\"twitter:card\" content=\"summary_large_image\" \/>\n<meta name=\"twitter:label1\" content=\"Gesch\u00e4tzte Lesezeit\" \/>\n\t<meta name=\"twitter:data1\" content=\"1\u00a0Minute\" \/>\n<script type=\"application\/ld+json\" class=\"yoast-schema-graph\">{\"@context\":\"https:\\\/\\\/schema.org\",\"@graph\":[{\"@type\":\"WebPage\",\"@id\":\"https:\\\/\\\/pianodivingclub.com\\\/de\\\/product\\\/15l-tank\\\/\",\"url\":\"https:\\\/\\\/pianodivingclub.com\\\/de\\\/product\\\/15l-tank\\\/\",\"name\":\"Mieten Sie 15-Liter-Flasche nur 5\u20ac | Piano Diving Club\",\"isPartOf\":{\"@id\":\"https:\\\/\\\/pianodivingclub.com\\\/#website\"},\"primaryImageOfPage\":{\"@id\":\"https:\\\/\\\/pianodivingclub.com\\\/de\\\/product\\\/15l-tank\\\/#primaryimage\"},\"image\":{\"@id\":\"https:\\\/\\\/pianodivingclub.com\\\/de\\\/product\\\/15l-tank\\\/#primaryimage\"},\"thumbnailUrl\":\"https:\\\/\\\/pianodivingclub.com\\\/wp-content\\\/uploads\\\/2024\\\/11\\\/65b277ceb83e1bbed468601c01eb65bc1632afc8-1.jpg\",\"datePublished\":\"2024-11-25T12:11:53+00:00\",\"dateModified\":\"2025-10-25T20:33:38+00:00\",\"description\":\"Mieten Sie in Hurghada ein 15-Liter-Tauchbecken, ideal f\u00fcr Tieftauchg\u00e4nge. Holen Sie sich Funktionen wie mehr Luftversorgung und mehr mit Piano Diving Club!\",\"breadcrumb\":{\"@id\":\"https:\\\/\\\/pianodivingclub.com\\\/de\\\/product\\\/15l-tank\\\/#breadcrumb\"},\"inLanguage\":\"de\",\"potentialAction\":[{\"@type\":\"ReadAction\",\"target\":[\"https:\\\/\\\/pianodivingclub.com\\\/de\\\/product\\\/15l-tank\\\/\"]}]},{\"@type\":\"ImageObject\",\"inLanguage\":\"de\",\"@id\":\"https:\\\/\\\/pianodivingclub.com\\\/de\\\/product\\\/15l-tank\\\/#primaryimage\",\"url\":\"https:\\\/\\\/pianodivingclub.com\\\/wp-content\\\/uploads\\\/2024\\\/11\\\/65b277ceb83e1bbed468601c01eb65bc1632afc8-1.jpg\",\"contentUrl\":\"https:\\\/\\\/pianodivingclub.com\\\/wp-content\\\/uploads\\\/2024\\\/11\\\/65b277ceb83e1bbed468601c01eb65bc1632afc8-1.jpg\",\"width\":1500,\"height\":1004},{\"@type\":\"BreadcrumbList\",\"@id\":\"https:\\\/\\\/pianodivingclub.com\\\/de\\\/product\\\/15l-tank\\\/#breadcrumb\",\"itemListElement\":[{\"@type\":\"ListItem\",\"position\":1,\"name\":\"Home\",\"item\":\"https:\\\/\\\/pianodivingclub.com\\\/de\\\/\"},{\"@type\":\"ListItem\",\"position\":2,\"name\":\"Shop\",\"item\":\"https:\\\/\\\/pianodivingclub.com\\\/?page_id=252\"},{\"@type\":\"ListItem\",\"position\":3,\"name\":\"15-Liter-Flasche\"}]},{\"@type\":\"WebSite\",\"@id\":\"https:\\\/\\\/pianodivingclub.com\\\/#website\",\"url\":\"https:\\\/\\\/pianodivingclub.com\\\/\",\"name\":\"Piano\",\"description\":\"\",\"potentialAction\":[{\"@type\":\"SearchAction\",\"target\":{\"@type\":\"EntryPoint\",\"urlTemplate\":\"https:\\\/\\\/pianodivingclub.com\\\/?s={search_term_string}\"},\"query-input\":{\"@type\":\"PropertyValueSpecification\",\"valueRequired\":true,\"valueName\":\"search_term_string\"}}],\"inLanguage\":\"de\"}]}<\/script>\n<!-- \/ Yoast SEO plugin. -->","yoast_head_json":{"title":"Mieten Sie 15-Liter-Flasche nur 5\u20ac | Piano Diving Club","description":"Mieten Sie in Hurghada ein 15-Liter-Tauchbecken, ideal f\u00fcr Tieftauchg\u00e4nge. Holen Sie sich Funktionen wie mehr Luftversorgung und mehr mit Piano Diving Club!","robots":{"index":"index","follow":"follow","max-snippet":"max-snippet:-1","max-image-preview":"max-image-preview:large","max-video-preview":"max-video-preview:-1"},"canonical":"https:\/\/pianodivingclub.com\/de\/product\/15l-tank\/","og_locale":"de_DE","og_type":"article","og_title":"Mieten Sie 15-Liter-Flasche nur 5\u20ac | Piano Diving Club","og_description":"Mieten Sie in Hurghada ein 15-Liter-Tauchbecken, ideal f\u00fcr Tieftauchg\u00e4nge. Holen Sie sich Funktionen wie mehr Luftversorgung und mehr mit Piano Diving Club!","og_url":"https:\/\/pianodivingclub.com\/de\/product\/15l-tank\/","og_site_name":"Piano","article_modified_time":"2025-10-25T20:33:38+00:00","og_image":[{"width":1500,"height":1004,"url":"https:\/\/pianodivingclub.com\/wp-content\/uploads\/2024\/11\/65b277ceb83e1bbed468601c01eb65bc1632afc8-1.jpg","type":"image\/jpeg"}],"twitter_card":"summary_large_image","twitter_misc":{"Gesch\u00e4tzte Lesezeit":"1\u00a0Minute"},"schema":{"@context":"https:\/\/schema.org","@graph":[{"@type":"WebPage","@id":"https:\/\/pianodivingclub.com\/de\/product\/15l-tank\/","url":"https:\/\/pianodivingclub.com\/de\/product\/15l-tank\/","name":"Mieten Sie 15-Liter-Flasche nur 5\u20ac | Piano Diving Club","isPartOf":{"@id":"https:\/\/pianodivingclub.com\/#website"},"primaryImageOfPage":{"@id":"https:\/\/pianodivingclub.com\/de\/product\/15l-tank\/#primaryimage"},"image":{"@id":"https:\/\/pianodivingclub.com\/de\/product\/15l-tank\/#primaryimage"},"thumbnailUrl":"https:\/\/pianodivingclub.com\/wp-content\/uploads\/2024\/11\/65b277ceb83e1bbed468601c01eb65bc1632afc8-1.jpg","datePublished":"2024-11-25T12:11:53+00:00","dateModified":"2025-10-25T20:33:38+00:00","description":"Mieten Sie in Hurghada ein 15-Liter-Tauchbecken, ideal f\u00fcr Tieftauchg\u00e4nge. Holen Sie sich Funktionen wie mehr Luftversorgung und mehr mit Piano Diving Club!","breadcrumb":{"@id":"https:\/\/pianodivingclub.com\/de\/product\/15l-tank\/#breadcrumb"},"inLanguage":"de","potentialAction":[{"@type":"ReadAction","target":["https:\/\/pianodivingclub.com\/de\/product\/15l-tank\/"]}]},{"@type":"ImageObject","inLanguage":"de","@id":"https:\/\/pianodivingclub.com\/de\/product\/15l-tank\/#primaryimage","url":"https:\/\/pianodivingclub.com\/wp-content\/uploads\/2024\/11\/65b277ceb83e1bbed468601c01eb65bc1632afc8-1.jpg","contentUrl":"https:\/\/pianodivingclub.com\/wp-content\/uploads\/2024\/11\/65b277ceb83e1bbed468601c01eb65bc1632afc8-1.jpg","width":1500,"height":1004},{"@type":"BreadcrumbList","@id":"https:\/\/pianodivingclub.com\/de\/product\/15l-tank\/#breadcrumb","itemListElement":[{"@type":"ListItem","position":1,"name":"Home","item":"https:\/\/pianodivingclub.com\/de\/"},{"@type":"ListItem","position":2,"name":"Shop","item":"https:\/\/pianodivingclub.com\/?page_id=252"},{"@type":"ListItem","position":3,"name":"15-Liter-Flasche"}]},{"@type":"WebSite","@id":"https:\/\/pianodivingclub.com\/#website","url":"https:\/\/pianodivingclub.com\/","name":"Piano","description":"","potentialAction":[{"@type":"SearchAction","target":{"@type":"EntryPoint","urlTemplate":"https:\/\/pianodivingclub.com\/?s={search_term_string}"},"query-input":{"@type":"PropertyValueSpecification","valueRequired":true,"valueName":"search_term_string"}}],"inLanguage":"de"}]}},"_links":{"self":[{"href":"https:\/\/pianodivingclub.com\/de\/wp-json\/wp\/v2\/product\/4093","targetHints":{"allow":["GET"]}}],"collection":[{"href":"https:\/\/pianodivingclub.com\/de\/wp-json\/wp\/v2\/product"}],"about":[{"href":"https:\/\/pianodivingclub.com\/de\/wp-json\/wp\/v2\/types\/product"}],"replies":[{"embeddable":true,"href":"https:\/\/pianodivingclub.com\/de\/wp-json\/wp\/v2\/comments?post=4093"}],"wp:featuredmedia":[{"embeddable":true,"href":"https:\/\/pianodivingclub.com\/de\/wp-json\/wp\/v2\/media\/4094"}],"wp:attachment":[{"href":"https:\/\/pianodivingclub.com\/de\/wp-json\/wp\/v2\/media?parent=4093"}],"wp:term":[{"taxonomy":"product_brand","embeddable":true,"href":"https:\/\/pianodivingclub.com\/de\/wp-json\/wp\/v2\/product_brand?post=4093"},{"taxonomy":"product_cat","embeddable":true,"href":"https:\/\/pianodivingclub.com\/de\/wp-json\/wp\/v2\/product_cat?post=4093"},{"taxonomy":"product_tag","embeddable":true,"href":"https:\/\/pianodivingclub.com\/de\/wp-json\/wp\/v2\/product_tag?post=4093"}],"curies":[{"name":"wp","href":"https:\/\/api.w.org\/{rel}","templated":true}]}}