{"id":2905,"date":"2024-12-16T10:49:10","date_gmt":"2024-12-16T10:49:10","guid":{"rendered":"https:\/\/pianodivingclub.com\/product\/wreck-diving-specialty-2\/"},"modified":"2025-10-14T16:14:59","modified_gmt":"2025-10-14T16:14:59","slug":"wreck-diving-specialty-2","status":"publish","type":"product","link":"https:\/\/pianodivingclub.com\/fr\/product\/wreck-diving-specialty-2\/","title":{"rendered":"Sp\u00e9cialit\u00e9 Plong\u00e9e sur \u00c9paves"},"content":{"rendered":"<p>Qu&rsquo;ils soient coul\u00e9s volontairement comme r\u00e9cifs artificiels pour les plongeurs ou perdus suite \u00e0 un accident, les \u00e9paves sont des fen\u00eatres fascinantes sur le pass\u00e9. Navires, avions, et m\u00eame voitures sont passionnants \u00e0 explorer et regorgent souvent de vie aquatique. Le cours de sp\u00e9cialit\u00e9 Plong\u00e9e sur \u00c9paves PADI \u00e0 Hurghada est populaire car il offre des aventures enrichissantes tout en mettant l&rsquo;accent sur des pratiques responsables de plong\u00e9e sur \u00e9paves. Chaque plong\u00e9e sur \u00e9pave est une occasion de d\u00e9couverte \u2014 pouvant r\u00e9v\u00e9ler un myst\u00e8re ou rep\u00e9rer quelque chose que d&rsquo;autres ont manqu\u00e9. Si vous avez au moins 15 ans et que vous avez obtenu une certification PADI Adventure Diver ou sup\u00e9rieure, vous pouvez vous inscrire au cours de sp\u00e9cialit\u00e9 Plong\u00e9e sur \u00c9paves PADI \u00e0 Hurghada.<\/p>\n","protected":false},"excerpt":{"rendered":"<p>Qu&rsquo;ils soient coul\u00e9s volontairement comme r\u00e9cifs artificiels pour les plongeurs ou perdus suite \u00e0 un accident, les \u00e9paves sont des fen\u00eatres fascinantes sur le pass\u00e9. Navires, avions, et m\u00eame voitures sont passionnants \u00e0 explorer et regorgent souvent de vie aquatique. Le cours de sp\u00e9cialit\u00e9 Plong\u00e9e sur \u00c9paves PADI \u00e0 Hurghada est populaire car il offre [&hellip;]<\/p>\n","protected":false},"featured_media":2753,"comment_status":"open","ping_status":"closed","template":"","meta":{"_acf_changed":false},"product_brand":[],"product_cat":[89,95],"product_tag":[],"class_list":{"0":"post-2905","1":"product","2":"type-product","3":"status-publish","4":"has-post-thumbnail","6":"product_cat-courses-fr","7":"product_cat-padi-specialty-fr","9":"first","10":"instock","11":"sale","12":"shipping-taxable","13":"purchasable","14":"product-type-simple"},"acf":[],"yoast_head":"<!-- This site is optimized with the Yoast SEO plugin v27.4 - https:\/\/yoast.com\/product\/yoast-seo-wordpress\/ -->\n<title>Cours PADI Wreck Diver \u00e0 Hurghada | Piano Diving Club<\/title>\n<meta name=\"description\" content=\"Explorez les \u00e9paves et l\u2019histoire sous-marine avec le cours PADI Wreck Diver \u00e0 Hurghada, id\u00e9al pour les plongeurs certifi\u00e9s en qu\u00eate d\u2019aventure !\" \/>\n<meta name=\"robots\" content=\"index, follow, max-snippet:-1, max-image-preview:large, max-video-preview:-1\" \/>\n<link rel=\"canonical\" href=\"https:\/\/pianodivingclub.com\/fr\/product\/wreck-diving-specialty-2\/\" \/>\n<meta property=\"og:locale\" content=\"fr_FR\" \/>\n<meta property=\"og:type\" content=\"article\" \/>\n<meta property=\"og:title\" content=\"Cours PADI Wreck Diver \u00e0 Hurghada | Piano Diving Club\" \/>\n<meta property=\"og:description\" content=\"Explorez les \u00e9paves et l\u2019histoire sous-marine avec le cours PADI Wreck Diver \u00e0 Hurghada, id\u00e9al pour les plongeurs certifi\u00e9s en qu\u00eate d\u2019aventure !\" \/>\n<meta property=\"og:url\" content=\"https:\/\/pianodivingclub.com\/fr\/product\/wreck-diving-specialty-2\/\" \/>\n<meta property=\"og:site_name\" content=\"Piano\" \/>\n<meta property=\"article:modified_time\" content=\"2025-10-14T16:14:59+00:00\" \/>\n<meta property=\"og:image\" content=\"https:\/\/pianodivingclub.com\/wp-content\/uploads\/2024\/12\/a30156f72734d176d690d87131c386949435a065-1.png\" \/>\n\t<meta property=\"og:image:width\" content=\"912\" \/>\n\t<meta property=\"og:image:height\" content=\"608\" \/>\n\t<meta property=\"og:image:type\" content=\"image\/png\" \/>\n<meta name=\"twitter:card\" content=\"summary_large_image\" \/>\n<meta name=\"twitter:label1\" content=\"Dur\u00e9e de lecture estim\u00e9e\" \/>\n\t<meta name=\"twitter:data1\" content=\"1 minute\" \/>\n<script type=\"application\/ld+json\" class=\"yoast-schema-graph\">{\"@context\":\"https:\\\/\\\/schema.org\",\"@graph\":[{\"@type\":\"WebPage\",\"@id\":\"https:\\\/\\\/pianodivingclub.com\\\/fr\\\/product\\\/wreck-diving-specialty-2\\\/\",\"url\":\"https:\\\/\\\/pianodivingclub.com\\\/fr\\\/product\\\/wreck-diving-specialty-2\\\/\",\"name\":\"Cours PADI Wreck Diver \u00e0 Hurghada | Piano Diving Club\",\"isPartOf\":{\"@id\":\"https:\\\/\\\/pianodivingclub.com\\\/#website\"},\"primaryImageOfPage\":{\"@id\":\"https:\\\/\\\/pianodivingclub.com\\\/fr\\\/product\\\/wreck-diving-specialty-2\\\/#primaryimage\"},\"image\":{\"@id\":\"https:\\\/\\\/pianodivingclub.com\\\/fr\\\/product\\\/wreck-diving-specialty-2\\\/#primaryimage\"},\"thumbnailUrl\":\"https:\\\/\\\/pianodivingclub.com\\\/wp-content\\\/uploads\\\/2024\\\/12\\\/a30156f72734d176d690d87131c386949435a065-1.png\",\"datePublished\":\"2024-12-16T10:49:10+00:00\",\"dateModified\":\"2025-10-14T16:14:59+00:00\",\"description\":\"Explorez les \u00e9paves et l\u2019histoire sous-marine avec le cours PADI Wreck Diver \u00e0 Hurghada, id\u00e9al pour les plongeurs certifi\u00e9s en qu\u00eate d\u2019aventure !\",\"breadcrumb\":{\"@id\":\"https:\\\/\\\/pianodivingclub.com\\\/fr\\\/product\\\/wreck-diving-specialty-2\\\/#breadcrumb\"},\"inLanguage\":\"fr-FR\",\"potentialAction\":[{\"@type\":\"ReadAction\",\"target\":[\"https:\\\/\\\/pianodivingclub.com\\\/fr\\\/product\\\/wreck-diving-specialty-2\\\/\"]}]},{\"@type\":\"ImageObject\",\"inLanguage\":\"fr-FR\",\"@id\":\"https:\\\/\\\/pianodivingclub.com\\\/fr\\\/product\\\/wreck-diving-specialty-2\\\/#primaryimage\",\"url\":\"https:\\\/\\\/pianodivingclub.com\\\/wp-content\\\/uploads\\\/2024\\\/12\\\/a30156f72734d176d690d87131c386949435a065-1.png\",\"contentUrl\":\"https:\\\/\\\/pianodivingclub.com\\\/wp-content\\\/uploads\\\/2024\\\/12\\\/a30156f72734d176d690d87131c386949435a065-1.png\",\"width\":912,\"height\":608,\"caption\":\"PADI Wreck Diving Specialty Course in Hurghada\"},{\"@type\":\"BreadcrumbList\",\"@id\":\"https:\\\/\\\/pianodivingclub.com\\\/fr\\\/product\\\/wreck-diving-specialty-2\\\/#breadcrumb\",\"itemListElement\":[{\"@type\":\"ListItem\",\"position\":1,\"name\":\"Home\",\"item\":\"https:\\\/\\\/pianodivingclub.com\\\/fr\\\/\"},{\"@type\":\"ListItem\",\"position\":2,\"name\":\"Shop\",\"item\":\"https:\\\/\\\/pianodivingclub.com\\\/?page_id=252\"},{\"@type\":\"ListItem\",\"position\":3,\"name\":\"Sp\u00e9cialit\u00e9 Plong\u00e9e sur \u00c9paves\"}]},{\"@type\":\"WebSite\",\"@id\":\"https:\\\/\\\/pianodivingclub.com\\\/#website\",\"url\":\"https:\\\/\\\/pianodivingclub.com\\\/\",\"name\":\"Piano\",\"description\":\"\",\"potentialAction\":[{\"@type\":\"SearchAction\",\"target\":{\"@type\":\"EntryPoint\",\"urlTemplate\":\"https:\\\/\\\/pianodivingclub.com\\\/?s={search_term_string}\"},\"query-input\":{\"@type\":\"PropertyValueSpecification\",\"valueRequired\":true,\"valueName\":\"search_term_string\"}}],\"inLanguage\":\"fr-FR\"}]}<\/script>\n<!-- \/ Yoast SEO plugin. -->","yoast_head_json":{"title":"Cours PADI Wreck Diver \u00e0 Hurghada | Piano Diving Club","description":"Explorez les \u00e9paves et l\u2019histoire sous-marine avec le cours PADI Wreck Diver \u00e0 Hurghada, id\u00e9al pour les plongeurs certifi\u00e9s en qu\u00eate d\u2019aventure !","robots":{"index":"index","follow":"follow","max-snippet":"max-snippet:-1","max-image-preview":"max-image-preview:large","max-video-preview":"max-video-preview:-1"},"canonical":"https:\/\/pianodivingclub.com\/fr\/product\/wreck-diving-specialty-2\/","og_locale":"fr_FR","og_type":"article","og_title":"Cours PADI Wreck Diver \u00e0 Hurghada | Piano Diving Club","og_description":"Explorez les \u00e9paves et l\u2019histoire sous-marine avec le cours PADI Wreck Diver \u00e0 Hurghada, id\u00e9al pour les plongeurs certifi\u00e9s en qu\u00eate d\u2019aventure !","og_url":"https:\/\/pianodivingclub.com\/fr\/product\/wreck-diving-specialty-2\/","og_site_name":"Piano","article_modified_time":"2025-10-14T16:14:59+00:00","og_image":[{"width":912,"height":608,"url":"https:\/\/pianodivingclub.com\/wp-content\/uploads\/2024\/12\/a30156f72734d176d690d87131c386949435a065-1.png","type":"image\/png"}],"twitter_card":"summary_large_image","twitter_misc":{"Dur\u00e9e de lecture estim\u00e9e":"1 minute"},"schema":{"@context":"https:\/\/schema.org","@graph":[{"@type":"WebPage","@id":"https:\/\/pianodivingclub.com\/fr\/product\/wreck-diving-specialty-2\/","url":"https:\/\/pianodivingclub.com\/fr\/product\/wreck-diving-specialty-2\/","name":"Cours PADI Wreck Diver \u00e0 Hurghada | Piano Diving Club","isPartOf":{"@id":"https:\/\/pianodivingclub.com\/#website"},"primaryImageOfPage":{"@id":"https:\/\/pianodivingclub.com\/fr\/product\/wreck-diving-specialty-2\/#primaryimage"},"image":{"@id":"https:\/\/pianodivingclub.com\/fr\/product\/wreck-diving-specialty-2\/#primaryimage"},"thumbnailUrl":"https:\/\/pianodivingclub.com\/wp-content\/uploads\/2024\/12\/a30156f72734d176d690d87131c386949435a065-1.png","datePublished":"2024-12-16T10:49:10+00:00","dateModified":"2025-10-14T16:14:59+00:00","description":"Explorez les \u00e9paves et l\u2019histoire sous-marine avec le cours PADI Wreck Diver \u00e0 Hurghada, id\u00e9al pour les plongeurs certifi\u00e9s en qu\u00eate d\u2019aventure !","breadcrumb":{"@id":"https:\/\/pianodivingclub.com\/fr\/product\/wreck-diving-specialty-2\/#breadcrumb"},"inLanguage":"fr-FR","potentialAction":[{"@type":"ReadAction","target":["https:\/\/pianodivingclub.com\/fr\/product\/wreck-diving-specialty-2\/"]}]},{"@type":"ImageObject","inLanguage":"fr-FR","@id":"https:\/\/pianodivingclub.com\/fr\/product\/wreck-diving-specialty-2\/#primaryimage","url":"https:\/\/pianodivingclub.com\/wp-content\/uploads\/2024\/12\/a30156f72734d176d690d87131c386949435a065-1.png","contentUrl":"https:\/\/pianodivingclub.com\/wp-content\/uploads\/2024\/12\/a30156f72734d176d690d87131c386949435a065-1.png","width":912,"height":608,"caption":"PADI Wreck Diving Specialty Course in Hurghada"},{"@type":"BreadcrumbList","@id":"https:\/\/pianodivingclub.com\/fr\/product\/wreck-diving-specialty-2\/#breadcrumb","itemListElement":[{"@type":"ListItem","position":1,"name":"Home","item":"https:\/\/pianodivingclub.com\/fr\/"},{"@type":"ListItem","position":2,"name":"Shop","item":"https:\/\/pianodivingclub.com\/?page_id=252"},{"@type":"ListItem","position":3,"name":"Sp\u00e9cialit\u00e9 Plong\u00e9e sur \u00c9paves"}]},{"@type":"WebSite","@id":"https:\/\/pianodivingclub.com\/#website","url":"https:\/\/pianodivingclub.com\/","name":"Piano","description":"","potentialAction":[{"@type":"SearchAction","target":{"@type":"EntryPoint","urlTemplate":"https:\/\/pianodivingclub.com\/?s={search_term_string}"},"query-input":{"@type":"PropertyValueSpecification","valueRequired":true,"valueName":"search_term_string"}}],"inLanguage":"fr-FR"}]}},"_links":{"self":[{"href":"https:\/\/pianodivingclub.com\/fr\/wp-json\/wp\/v2\/product\/2905","targetHints":{"allow":["GET"]}}],"collection":[{"href":"https:\/\/pianodivingclub.com\/fr\/wp-json\/wp\/v2\/product"}],"about":[{"href":"https:\/\/pianodivingclub.com\/fr\/wp-json\/wp\/v2\/types\/product"}],"replies":[{"embeddable":true,"href":"https:\/\/pianodivingclub.com\/fr\/wp-json\/wp\/v2\/comments?post=2905"}],"wp:featuredmedia":[{"embeddable":true,"href":"https:\/\/pianodivingclub.com\/fr\/wp-json\/wp\/v2\/media\/2753"}],"wp:attachment":[{"href":"https:\/\/pianodivingclub.com\/fr\/wp-json\/wp\/v2\/media?parent=2905"}],"wp:term":[{"taxonomy":"product_brand","embeddable":true,"href":"https:\/\/pianodivingclub.com\/fr\/wp-json\/wp\/v2\/product_brand?post=2905"},{"taxonomy":"product_cat","embeddable":true,"href":"https:\/\/pianodivingclub.com\/fr\/wp-json\/wp\/v2\/product_cat?post=2905"},{"taxonomy":"product_tag","embeddable":true,"href":"https:\/\/pianodivingclub.com\/fr\/wp-json\/wp\/v2\/product_tag?post=2905"}],"curies":[{"name":"wp","href":"https:\/\/api.w.org\/{rel}","templated":true}]}}